{"id":657,"date":"2021-05-17T18:47:30","date_gmt":"2021-05-17T16:47:30","guid":{"rendered":"https:\/\/www.pladway.com\/?page_id=657"},"modified":"2023-06-05T12:33:21","modified_gmt":"2023-06-05T10:33:21","slug":"cookie-policy","status":"publish","type":"page","link":"https:\/\/pladway.com\/it\/cookie-policy\/","title":{"rendered":"Cookie Policy"},"content":{"rendered":"<p>Conformemente a quanto previsto dalla normativa vigente in materia di protezione dei dati personali, per mezzo della presente cookie policy, <strong>Pladway S.r.l., <\/strong>nella persona del suo Legale Rappresentante, in qualit\u00e0 di Titolare del trattamento, intende fornire agli utenti ogni pi\u00f9 utile informazione riguardo ai cookies utilizzati dal sito internet <strong>www.pladway.com<\/strong>.<\/p>\n<p>La presente informativa, il cui ambito di validit\u00e0 \u00e8 circoscritto al sito web suindicato, \u00e8 parte integrante della corrispondente Privacy Policy, a cui rimandiamo per ulteriori informazioni.<\/p>\n<p><strong>Cosa sono i cookies <\/strong><\/p>\n<p>I cookies sono piccoli file di testo (lettere e\/o numeri) che il sito web <strong>www.pladway.com<\/strong> salva sul tuo computer o dispositivo mobile mentre lo visiti e che contengono informazioni da riutilizzare nel corso della medesima visita al sito o in seguito, anche a distanza di giorni.<\/p>\n<p><strong>Pladway S.r.l., <\/strong>in qualit\u00e0 di titolare del trattamento pu\u00f2 utilizzare:<\/p>\n<ul>\n<li>alcuni cookies per rendere i propri servizi semplici da navigare e fruire in modo efficiente delle pagine web;<\/li>\n<li>cookies che consentono di migliorare il servizio reso agli utenti, rendendo pi\u00f9 efficace l\u2019uso dello stesso e\/o abilitando determinate funzionalit\u00e0;<\/li>\n<li>cookies che vengono inviati da siti o da web server diversi (c.d. &#8220;<strong>da terze parti<\/strong>&#8220;), sui quali possono risiedere alcuni elementi (quali, ad esempio, immagini, mappe, suoni, specifici link a pagine di altri domini) presenti nella pagina che lo stesso utente sta visitando.<\/li>\n<\/ul>\n<p><strong>Come usiamo i cookies?<\/strong><\/p>\n<p><strong>Pladway S.r.l., <\/strong>in qualit\u00e0 di titolare del trattamento, utilizza cookies necessari, funzionali, di profilazione e legati all\u2019utilizzo dei social media. In particolare:<\/p>\n<ul>\n<li><strong>Cookies tecnici<\/strong> <strong>e assimilabili<\/strong> (per i quali non \u00e8 richiesto il consenso), o meglio cookies di sessione o di navigazione che permettono di accedere ai servizi disponibili per ciascuna tipologia di utente e di caricare eventuali personalizzazioni dell\u2019interfaccia e delle funzionalit\u00e0 del sito;<\/li>\n<\/ul>\n<p>&nbsp;<\/p>\n<ul>\n<li><strong>Cookies funzionali o di personalizzazione, <\/strong>ovvero i cookies che vengono usati per riconoscere e ricordare le preferenze e consentono di accedere ad una versione del sito che si basa su alcuni criteri predefiniti quali ad esempio la lingua utilizzata;<\/li>\n<li><strong>Cookies di profilazione e analitici<\/strong> volti a creare profili relativi all&#8217;utente che vengono utilizzati al fine di inviare messaggi pubblicitari in linea con le preferenze manifestate dallo stesso nell&#8217;ambito della navigazione in rete; i cookies di\u00a0analisi statistica\u00a0raccolgono dati che, se non anonimizzati, possono profilare l&#8217;utente.<\/li>\n<li><strong>Cookies di social network,<\/strong> ossia i cookies installati dai social buttons (Facebook, Twitter, Vimeo ecc.). Quando l\u2019utente utilizza uno dei plugin appena richiamati, attraverso la pressione del tasto-icona di riferimento, il Sito si metter\u00e0 in contatto, attraverso il browser dell\u2019utente, con i server presso i quali vengono gestiti i servizi di social sharing richiamati, comunicando loro i dati che l\u2019utente intende pubblicare e condividere attraverso il proprio profilo social. A riguardo, l\u2019utente rimane l&#8217;unico responsabile del proprio account social. In seguito a questa scelta, i server delle pagine che l\u2019utente ha visitato possono condividere la preferenza cos\u00ec espressa. Si ricorda che per escludere questa possibilit\u00e0, l\u2019utente deve evitare di condividere i contenuti con l&#8217;utilizzo dei pulsanti dei plugin sopra elencati. Per ulteriori dettagli riguardo l\u2019utilizzo e la raccolta di dati attraverso i social plugin e per sapere come questi dati vengono trattati (e per quali finalit\u00e0), preghiamo l\u2019utente di consultare l\u2019informativa privacy e legale rilasciata dai titolari dei servizi in questione.<\/li>\n<\/ul>\n<p>&nbsp;<\/p>\n<p><strong>Durata dei cookies<\/strong><\/p>\n<p>Alcuni cookies (cookies di sessione) restano attivi solo fino alla chiusura del browser o all&#8217;esecuzione del comando di logout. Altri cookie &#8220;sopravvivono&#8221; alla chiusura del browser e sono disponibili anche in successive visite dell&#8217;utente. Questi cookie sono detti persistenti e la loro durata \u00e8 fissata dal server al momento della loro creazione. Navigando attraverso le pagine del Sito, si pu\u00f2 interagire con siti gestiti da terze parti che possono creare o modificare cookies persistenti e di profilazione.<\/p>\n<p>Per maggior dettagli, si invita l\u2019utente a consultare la tabella riassuntiva riportata in seguito.<\/p>\n<p><strong>Gestione dei cookies<\/strong><\/p>\n<p>L&#8217;utente pu\u00f2 decidere se accettare o meno i cookies utilizzando le impostazioni del cookie banner. La disabilitazione totale o parziale dei cookies potrebbe compromette l&#8217;utilizzo delle funzionalit\u00e0 del Sito, ma non impedirne la navigazione.<\/p>\n<p>Maggiori informazioni possono essere richieste scrivendo al Titolare all\u2019indirizzo e-mail:<\/p>\n<p><a href=\"mailto:info@pladway.com\">info@pladway.com<\/a><\/p>\n<p><strong>Come disabilitare i cookies (opt out)<\/strong><\/p>\n<p>L\u2019utente pu\u00f2 gestire le preferenze relative ai cookies selezionando l\u2019opzione preferita gi\u00e0 nel cookie banner introduttivo. In seguito, potr\u00e0 modificare i propri consensi eventualmente prestati accedendo alla sezione cookie presente sul sito web. Tali impostazioni consentono di impedire, ad esempio, che terze parti possano raccogliere dati indiscriminatamente.<\/p>\n<p>Tramite le preferenze del browser \u00e8 possibile eliminare i cookies installati, inclusi i cookies con cui vengono eventualmente salvati i consensi all&#8217;installazione di cookies da parte di questo sito. \u00c8 possibile reperire informazioni su come gestire i cookies con alcuni dei browser pi\u00f9 diffusi visitando le seguenti pagine web:<\/p>\n<ul>\n<li><a href=\"https:\/\/support.google.com\/chrome\/answer\/95647?hl=it\"><strong>Google Chrome<\/strong><\/a><\/li>\n<li><a href=\"https:\/\/support.mozilla.org\/it\/kb\/Gestione%20dei%20cookie?redirectlocale=enUS&amp;redirectslug=Cookies\"><strong>Mozilla Firefox<\/strong><\/a><\/li>\n<li><a href=\"https:\/\/support.microsoft.com\/it-it\/help\/17442\"><strong>Internet Explorer<\/strong><\/a><\/li>\n<li><a href=\"https:\/\/support.microsoft.com\/it-it\/help\/4468242\/microsoft-edge-browsing-data-and-privacy-microsoft-privacy\"><strong>Microsoft Edge<\/strong><\/a><\/li>\n<li><a href=\"https:\/\/support.apple.com\/it-it\/guide\/safari\/sfri11471\/mac\"><strong>Apple Safari (desktop)<\/strong><\/a><\/li>\n<li><a href=\"https:\/\/support.apple.com\/it-it\/HT201265\"><strong>Apple Safari (mobile)<\/strong><\/a><\/li>\n<li><a href=\"https:\/\/help.opera.com\/en\/latest\/security-and-privacy\/#clearBrowsingData\"><strong>Opera<\/strong><\/a><\/li>\n<\/ul>\n<p><strong>Diritti dell\u2019interessato<\/strong><\/p>\n<p>In ogni momento potr\u00e0 esercitare i Suoi diritti nei confronti del Titolare del trattamento, ai sensi degli artt. 15-22 del Regolamento UE 2016\/679, e in particolare i diritti di accesso, rettifica, integrazione e, nei casi consentiti, la portabilit\u00e0 dei dati conferiti, oltre a ottenere la cancellazione, la limitazione o l\u2019opposizione al trattamento dei dati per motivi legittimi e di opporsi al processo decisionale automatizzato, inclusa la profilazione.<\/p>\n<p>Per esercitare tutti i diritti come sopra identificati, fatta salva la proposizione di reclamo all\u2019Autorit\u00e0 di controllo, l\u2019Interessato potr\u00e0 contattare il Titolare del trattamento, secondo una delle seguenti modalit\u00e0:<\/p>\n<ul>\n<li>di persona presso la sede del titolare del trattamento sita a Via Fra&#8217; Luca Pacioli, 3 &#8211; 20144 Milano \u2013 Italia<\/li>\n<li>via e-mail, scrivendo a: info@pladway.com<\/li>\n<li>via e-mail, scrivendo al DPO: dpo.voilap@amica.dpo<\/li>\n<\/ul>\n<p>Al fine di garantire la protezione delle informazioni personali dell\u2019interessato, potremmo aver bisogno di richiedere ulteriori informazioni specifiche, che confermino l\u2019identit\u00e0 dell\u2019interessato richiedente e garantirne cos\u00ec il diritto di accesso alle informazioni (o a esercitare uno qualsiasi degli altri diritti) solamente a persone aventi il diritto di ricevere tali comunicazioni.<\/p>\n<p>La richiesta di accesso alle proprie informazioni personali (o per esercitare uno dei diritti sopraindicati) \u00e8 gratuito. Tuttavia, se la richiesta \u00e8 chiaramente infondata o eccessiva potremmo addebitare un contributo spese ragionevole tenendo conto dei costi amministrativi sostenuti per fornire le informazioni oppure rifiutarci di soddisfare la richiesta in tali circostanze.<\/p>\n<p><strong>Diritto di reclamo<\/strong><\/p>\n<p>Gli interessati che ritengono che il trattamento dei dati personali a loro riferiti avvenga in violazione di quanto previsto dal GDPR, hanno il diritto di proporre reclamo al Garante, come previsto dall&#8217;art. 77 del GDPR stesso, o di adire le opportune sedi giudiziarie (art. 79 del GDPR).<\/p>\n<p><strong>Aggiornamento dell\u2019informativa<\/strong><\/p>\n<p><strong>Pladway S.r.l., <\/strong>manterr\u00e0 la presente informativa costantemente aggiornata e sar\u00e0 sua cura pubblicare sul sito web l\u2019informativa aggiornata.<\/p>\n<p><strong>Data ultimo aggiornamento dell&#8217;informativa: 12\/09\/2022<\/strong><\/p>\n<p><strong>Lista cookies utilizzati dal sito<\/strong><\/p>\n<table style=\"height: 3598px;\" width=\"1018\">\n<thead>\n<tr>\n<td width=\"89\"><strong>Type<\/strong><\/td>\n<td width=\"154\"><strong>Name<\/strong><\/td>\n<td width=\"162\"><strong>Provider\/Domain<\/strong><\/td>\n<td width=\"131\"><strong>\u00a0Purpose<\/strong><\/td>\n<td width=\"112\"><strong>Duration<\/strong><\/td>\n<\/tr>\n<tr>\n<td width=\"89\">Technical<\/td>\n<td width=\"154\">XSRF-TOKEN<\/td>\n<td width=\"162\">\u00a0 .pladway.com<\/td>\n<td width=\"131\">XSRF-TOKEN provides protection from CSRF (Cross-site request forgery) attacks<\/td>\n<td width=\"112\">2 hours<\/td>\n<\/tr>\n<tr>\n<td width=\"89\">\u00a0Technical<\/td>\n<td width=\"154\">laravel_session<\/td>\n<td width=\"162\">\u00a0 .pladway.com<\/td>\n<td width=\"131\"><strong>\u00a0<\/strong><\/td>\n<td width=\"112\">\u00a02 hours<\/td>\n<\/tr>\n<tr>\n<td width=\"89\">\u00a0Analytics<\/td>\n<td width=\"154\">&nbsp;<\/p>\n<p>_ga<\/td>\n<td width=\"162\">\u00a0 Google Analitycs<\/p>\n<p><strong>\u00a0<\/strong><\/td>\n<td width=\"131\">Registers a unique ID that is used to generate statistical data on how the visitor uses the website.<\/td>\n<td width=\"112\">\u00a02 years<\/td>\n<\/tr>\n<tr>\n<td width=\"89\">\u00a0Analytics<\/td>\n<td width=\"154\">&nbsp;<\/p>\n<p>_gid<\/td>\n<td width=\"162\">\u00a0 Google Analitycs<\/p>\n<p><strong>\u00a0<\/strong><\/td>\n<td width=\"131\">This cookie allocates an ID to a user, so that the web tracker can record the user&#8217;s actions under this ID<\/td>\n<td width=\"112\"><strong>\u00a0<\/strong>2 hours<\/td>\n<\/tr>\n<tr>\n<td width=\"89\">\u00a0Analytics<\/td>\n<td width=\"154\">&nbsp;<\/p>\n<p>_dc_gtm_UA-*<\/td>\n<td width=\"162\">\u00a0 Google Analitycs<\/p>\n<p><strong>\u00a0<\/strong><\/td>\n<td width=\"131\">Used to manage navigation tracking information<\/td>\n<td width=\"112\">\u00a01 minute<\/td>\n<\/tr>\n<tr>\n<td width=\"89\">\u00a0Statistical<\/td>\n<td width=\"154\">&nbsp;<\/p>\n<p>_ga_*<\/td>\n<td width=\"162\">\u00a0 Google Analitycs<\/p>\n<p><strong>\u00a0<\/strong><\/td>\n<td width=\"131\">Allow to count the number of visits on the Website and therefore know the effectiveness of the same<\/td>\n<td width=\"112\"><strong>\u00a0<\/strong><\/p>\n<p>2 years<\/td>\n<\/tr>\n<tr>\n<td width=\"89\">\u00a0Analytics<\/td>\n<td width=\"154\">_gcl_au<\/td>\n<td width=\"162\">\u00a0 Google <a href=\"https:\/\/cookiedatabase.org\/service\/google-adsense\/\">Adsense<\/a><\/p>\n<p><strong>\u00a0<\/strong><\/td>\n<td width=\"131\">Used to verify the efficiency of the advertisements provided on the Website<\/td>\n<td width=\"112\">\u00a060 days<\/td>\n<\/tr>\n<tr>\n<td width=\"89\">\u00a0Profiling<\/td>\n<td width=\"154\">cusid<\/td>\n<td width=\"162\">\u00a0 Click dimension<\/td>\n<td width=\"131\">Used to start and maintain a session between user and website<\/td>\n<td width=\"112\">\u00a030 minutes<\/td>\n<\/tr>\n<tr>\n<td width=\"89\">\u00a0Profiling<\/td>\n<td width=\"154\">cuvid<\/td>\n<td width=\"162\">\u00a0Click dimension<\/td>\n<td width=\"131\">Used to uniquely identify website visitors and is updated with each page view. This cookie also comes with a unique ID, which is used by the application to ensure the validity and accessibility of the cookie as an additional security measure.<\/td>\n<td width=\"112\"><strong>\u00a0<\/strong>2 years<\/td>\n<\/tr>\n<tr>\n<td width=\"89\">\u00a0Profiling<\/td>\n<td width=\"154\">cuvon<\/td>\n<td width=\"162\">\u00a0Click dimension<\/td>\n<td width=\"131\">Used to report a user&#8217;s last visit to a page<\/td>\n<td width=\"112\">\u00a030 minutes<\/td>\n<\/tr>\n<tr>\n<td width=\"89\">\u00a0Social Network<\/td>\n<td width=\"154\">_fbp<\/td>\n<td width=\"162\">\u00a0Facebook Pixel (facebook.com)<\/td>\n<td width=\"131\">Used by Facebook to deliver a series of advertisement products such as real time bidding from third party advertisers.<\/td>\n<td width=\"112\"><strong>\u00a0<\/strong>90 days<\/td>\n<\/tr>\n<tr>\n<td width=\"89\">\u00a0Analytics<\/td>\n<td width=\"154\">_hjAbsoluteSessionInProgress<\/td>\n<td width=\"162\">\u00a0Hotjar<\/td>\n<td width=\"131\">Used to identify a user&#8217;s first page\/session<\/td>\n<td width=\"112\"><strong>\u00a0<\/strong>30 minutes<\/td>\n<\/tr>\n<tr>\n<td width=\"89\">\u00a0Profiling<\/td>\n<td width=\"154\">_hjid<\/td>\n<td width=\"162\">\u00a0Hotjar<\/td>\n<td width=\"131\">It is a part of Hotjar&#8217;s analysis and monitoring service. It is used to persist the Hotjar user ID, unique to that site on the browser. This ensures that the behavior on subsequent visits to the same site is attributed to the same user id<\/td>\n<td width=\"112\"><strong>\u00a0<\/strong>1 year<\/td>\n<\/tr>\n<tr>\n<td width=\"89\">\u00a0Statistics<\/td>\n<td width=\"154\">_hjIncludedInPageviewSample<\/td>\n<td width=\"162\">\u00a0Hotjar<\/td>\n<td width=\"131\">This cookie consents one to know if the visitor is part of the sample of users included in the monitoring of the page<\/td>\n<td width=\"112\"><strong>\u00a0<\/strong>30 minutes<\/td>\n<\/tr>\n<tr>\n<td width=\"89\">\u00a0Statistics<\/td>\n<td width=\"154\">_hjIncludedInSessionSample<\/p>\n<p><strong>\u00a0<\/strong><\/td>\n<td width=\"162\">\u00a0Hotjar<\/td>\n<td width=\"131\">This cookie consents one to know if the visitor is part of the sample of users included in the limit of daily sessions<\/td>\n<td width=\"112\">\u00a030 minutes<\/td>\n<\/tr>\n<tr>\n<td width=\"89\">\u00a0Functionality<\/td>\n<td width=\"154\">_hjSession_*<\/td>\n<td width=\"162\">\u00a0Hotjar<\/td>\n<td width=\"131\">A cookie that contains data from the current session. This ensures that subsequent requests within the session window will be attributed to the same session<\/td>\n<td width=\"112\">\u00a01 year<\/td>\n<\/tr>\n<tr>\n<td width=\"89\">\u00a0Profiling<\/td>\n<td width=\"154\">_hjSessionUser_*<\/td>\n<td width=\"162\">\u00a0Hotjar<\/td>\n<td width=\"131\">It is used to make the unique user ID persistent for that site on the browser. This ensures that the behaviour on subsequent visits to the same site is attributed to the same user ID<\/td>\n<td width=\"112\"><strong>\u00a0<\/strong>1 year<\/td>\n<\/tr>\n<\/thead>\n<\/table>\n<p>&nbsp;<\/p>\n","protected":false},"excerpt":{"rendered":"<p>Conformemente a quanto previsto dalla normativa vigente in materia di protezione dei dati personali, per mezzo della presente cookie policy, Pladway S.r.l., nella persona del suo Legale Rappresentante, in qualit\u00e0 di Titolare del trattamento, intende fornire agli utenti ogni pi\u00f9 utile informazione riguardo ai cookies utilizzati dal sito internet www.pladway.com. La presente informativa, il cui [&hellip;]<\/p>\n","protected":false},"author":1,"featured_media":0,"parent":0,"menu_order":0,"comment_status":"closed","ping_status":"closed","template":"page-fullwidth-nochild.php","meta":{"footnotes":""},"class_list":["post-657","page","type-page","status-publish","hentry"],"yoast_head":"<!-- This site is optimized with the Yoast SEO plugin v22.2 - https:\/\/yoast.com\/wordpress\/plugins\/seo\/ -->\n<title>Cookie Policy - Pladway<\/title>\n<meta name=\"robots\" content=\"index, follow, max-snippet:-1, max-image-preview:large, max-video-preview:-1\" \/>\n<link rel=\"canonical\" href=\"https:\/\/pladway.com\/it\/cookie-policy\/\" \/>\n<meta property=\"og:locale\" content=\"it_IT\" \/>\n<meta property=\"og:type\" content=\"article\" \/>\n<meta property=\"og:title\" content=\"Cookie Policy - Pladway\" \/>\n<meta property=\"og:description\" content=\"Conformemente a quanto previsto dalla normativa vigente in materia di protezione dei dati personali, per mezzo della presente cookie policy, Pladway S.r.l., nella persona del suo Legale Rappresentante, in qualit\u00e0 di Titolare del trattamento, intende fornire agli utenti ogni pi\u00f9 utile informazione riguardo ai cookies utilizzati dal sito internet www.pladway.com. La presente informativa, il cui [&hellip;]\" \/>\n<meta property=\"og:url\" content=\"https:\/\/pladway.com\/it\/cookie-policy\/\" \/>\n<meta property=\"og:site_name\" content=\"Pladway\" \/>\n<meta property=\"article:modified_time\" content=\"2023-06-05T10:33:21+00:00\" \/>\n<meta name=\"twitter:card\" content=\"summary_large_image\" \/>\n<meta name=\"twitter:site\" content=\"@pladwaysrl\" \/>\n<meta name=\"twitter:label1\" content=\"Tempo di lettura stimato\" \/>\n\t<meta name=\"twitter:data1\" content=\"7 minuti\" \/>\n<script type=\"application\/ld+json\" class=\"yoast-schema-graph\">{\"@context\":\"https:\/\/schema.org\",\"@graph\":[{\"@type\":\"WebPage\",\"@id\":\"https:\/\/pladway.com\/it\/cookie-policy\/\",\"url\":\"https:\/\/pladway.com\/it\/cookie-policy\/\",\"name\":\"Cookie Policy - Pladway\",\"isPartOf\":{\"@id\":\"https:\/\/pladway.com\/it\/#website\"},\"datePublished\":\"2021-05-17T16:47:30+00:00\",\"dateModified\":\"2023-06-05T10:33:21+00:00\",\"breadcrumb\":{\"@id\":\"https:\/\/pladway.com\/it\/cookie-policy\/#breadcrumb\"},\"inLanguage\":\"it-IT\",\"potentialAction\":[{\"@type\":\"ReadAction\",\"target\":[\"https:\/\/pladway.com\/it\/cookie-policy\/\"]}]},{\"@type\":\"BreadcrumbList\",\"@id\":\"https:\/\/pladway.com\/it\/cookie-policy\/#breadcrumb\",\"itemListElement\":[{\"@type\":\"ListItem\",\"position\":1,\"name\":\"Home\",\"item\":\"https:\/\/www.pladway.com\/it\/\"},{\"@type\":\"ListItem\",\"position\":2,\"name\":\"Cookie Policy\"}]},{\"@type\":\"WebSite\",\"@id\":\"https:\/\/pladway.com\/it\/#website\",\"url\":\"https:\/\/pladway.com\/it\/\",\"name\":\"Pladway\",\"description\":\"The new fullstack for DOOH\",\"publisher\":{\"@id\":\"https:\/\/pladway.com\/it\/#organization\"},\"potentialAction\":[{\"@type\":\"SearchAction\",\"target\":{\"@type\":\"EntryPoint\",\"urlTemplate\":\"https:\/\/pladway.com\/it\/?s={search_term_string}\"},\"query-input\":\"required name=search_term_string\"}],\"inLanguage\":\"it-IT\"},{\"@type\":\"Organization\",\"@id\":\"https:\/\/pladway.com\/it\/#organization\",\"name\":\"Pladway\",\"url\":\"https:\/\/pladway.com\/it\/\",\"logo\":{\"@type\":\"ImageObject\",\"inLanguage\":\"it-IT\",\"@id\":\"https:\/\/pladway.com\/it\/#\/schema\/logo\/image\/\",\"url\":\"https:\/\/www.pladway.com\/wp-content\/uploads\/2021\/04\/logoPW.png\",\"contentUrl\":\"https:\/\/www.pladway.com\/wp-content\/uploads\/2021\/04\/logoPW.png\",\"width\":800,\"height\":96,\"caption\":\"Pladway\"},\"image\":{\"@id\":\"https:\/\/pladway.com\/it\/#\/schema\/logo\/image\/\"},\"sameAs\":[\"https:\/\/twitter.com\/pladwaysrl\",\"https:\/\/www.linkedin.com\/company\/pladway\/\"]}]}<\/script>\n<!-- \/ Yoast SEO plugin. -->","yoast_head_json":{"title":"Cookie Policy - Pladway","robots":{"index":"index","follow":"follow","max-snippet":"max-snippet:-1","max-image-preview":"max-image-preview:large","max-video-preview":"max-video-preview:-1"},"canonical":"https:\/\/pladway.com\/it\/cookie-policy\/","og_locale":"it_IT","og_type":"article","og_title":"Cookie Policy - Pladway","og_description":"Conformemente a quanto previsto dalla normativa vigente in materia di protezione dei dati personali, per mezzo della presente cookie policy, Pladway S.r.l., nella persona del suo Legale Rappresentante, in qualit\u00e0 di Titolare del trattamento, intende fornire agli utenti ogni pi\u00f9 utile informazione riguardo ai cookies utilizzati dal sito internet www.pladway.com. La presente informativa, il cui [&hellip;]","og_url":"https:\/\/pladway.com\/it\/cookie-policy\/","og_site_name":"Pladway","article_modified_time":"2023-06-05T10:33:21+00:00","twitter_card":"summary_large_image","twitter_site":"@pladwaysrl","twitter_misc":{"Tempo di lettura stimato":"7 minuti"},"schema":{"@context":"https:\/\/schema.org","@graph":[{"@type":"WebPage","@id":"https:\/\/pladway.com\/it\/cookie-policy\/","url":"https:\/\/pladway.com\/it\/cookie-policy\/","name":"Cookie Policy - Pladway","isPartOf":{"@id":"https:\/\/pladway.com\/it\/#website"},"datePublished":"2021-05-17T16:47:30+00:00","dateModified":"2023-06-05T10:33:21+00:00","breadcrumb":{"@id":"https:\/\/pladway.com\/it\/cookie-policy\/#breadcrumb"},"inLanguage":"it-IT","potentialAction":[{"@type":"ReadAction","target":["https:\/\/pladway.com\/it\/cookie-policy\/"]}]},{"@type":"BreadcrumbList","@id":"https:\/\/pladway.com\/it\/cookie-policy\/#breadcrumb","itemListElement":[{"@type":"ListItem","position":1,"name":"Home","item":"https:\/\/www.pladway.com\/it\/"},{"@type":"ListItem","position":2,"name":"Cookie Policy"}]},{"@type":"WebSite","@id":"https:\/\/pladway.com\/it\/#website","url":"https:\/\/pladway.com\/it\/","name":"Pladway","description":"The new fullstack for DOOH","publisher":{"@id":"https:\/\/pladway.com\/it\/#organization"},"potentialAction":[{"@type":"SearchAction","target":{"@type":"EntryPoint","urlTemplate":"https:\/\/pladway.com\/it\/?s={search_term_string}"},"query-input":"required name=search_term_string"}],"inLanguage":"it-IT"},{"@type":"Organization","@id":"https:\/\/pladway.com\/it\/#organization","name":"Pladway","url":"https:\/\/pladway.com\/it\/","logo":{"@type":"ImageObject","inLanguage":"it-IT","@id":"https:\/\/pladway.com\/it\/#\/schema\/logo\/image\/","url":"https:\/\/www.pladway.com\/wp-content\/uploads\/2021\/04\/logoPW.png","contentUrl":"https:\/\/www.pladway.com\/wp-content\/uploads\/2021\/04\/logoPW.png","width":800,"height":96,"caption":"Pladway"},"image":{"@id":"https:\/\/pladway.com\/it\/#\/schema\/logo\/image\/"},"sameAs":["https:\/\/twitter.com\/pladwaysrl","https:\/\/www.linkedin.com\/company\/pladway\/"]}]}},"_links":{"self":[{"href":"https:\/\/pladway.com\/it\/wp-json\/wp\/v2\/pages\/657","targetHints":{"allow":["GET"]}}],"collection":[{"href":"https:\/\/pladway.com\/it\/wp-json\/wp\/v2\/pages"}],"about":[{"href":"https:\/\/pladway.com\/it\/wp-json\/wp\/v2\/types\/page"}],"author":[{"embeddable":true,"href":"https:\/\/pladway.com\/it\/wp-json\/wp\/v2\/users\/1"}],"replies":[{"embeddable":true,"href":"https:\/\/pladway.com\/it\/wp-json\/wp\/v2\/comments?post=657"}],"version-history":[{"count":5,"href":"https:\/\/pladway.com\/it\/wp-json\/wp\/v2\/pages\/657\/revisions"}],"predecessor-version":[{"id":1169,"href":"https:\/\/pladway.com\/it\/wp-json\/wp\/v2\/pages\/657\/revisions\/1169"}],"wp:attachment":[{"href":"https:\/\/pladway.com\/it\/wp-json\/wp\/v2\/media?parent=657"}],"curies":[{"name":"wp","href":"https:\/\/api.w.org\/{rel}","templated":true}]}}