{"id":662,"date":"2021-05-17T18:48:46","date_gmt":"2021-05-17T16:48:46","guid":{"rendered":"https:\/\/www.pladway.com\/?page_id=662"},"modified":"2021-05-19T11:33:30","modified_gmt":"2021-05-19T09:33:30","slug":"note-legali","status":"publish","type":"page","link":"https:\/\/pladway.com\/it\/note-legali\/","title":{"rendered":"Note Legali"},"content":{"rendered":"<p class=\"p1\">Pladway S.r.l. \u2013 Via Fra\u2018 Luca Pacioli, 3 &#8211; 20144 Milano (MI), Italia<\/p>\n<p class=\"p1\">Tel. + 39 02 87143201 \u2013 P.IVA e C.F. 10251710967 \u2013 PEC pladway@legalmail.it<\/p>\n<p class=\"p1\">La documentazione, i testi, le immagini, i marchi e quant\u2019altro pubblicato e riprodotto su questo sito \u00e8 di propriet\u00e0 di Pladway S.r.l. e\/o \u00e8 a questa concesso in uso da altre societ\u00e0 di Voil\u00e0p Holding e\/o da terze parti. Tutti i contenuti del presente sito sono tutelati dalle disposizioni di legge in materia di diritto d\u2019autore, di propriet\u00e0 intellettuale ed industriale. Ne \u00e8 vietata la riproduzione anche parziale in qualsiasi forma.<\/p>\n<p class=\"p1\"><b>CLAUSOLA DI ESCLUSIONE DI RESPONSABILITA\u2019<\/b><\/p>\n<p class=\"p1\">Nessuna responsabilit\u00e0 viene assunta da Pladway S.r.l. in relazione sia al contenuto di quanto pubblicato su questo sito che all\u2019uso che terzi ne potranno fare, sia per le eventuali contaminazioni derivanti dall\u2019accesso, dall\u2019interconnessione, dal download di materiale e programmi informatici dal presente sito.<\/p>\n<p class=\"p1\">Pertanto Pladway S.r.l. non potr\u00e0 essere ritenuta responsabile o, in alcun caso, a qualsiasi titolo tenuta a rispondere in ordine a danni, perdite, pregiudizi di alcun genere che terzi potranno subire a causa del contatto intervenuto con questo sito, oppure a seguito dell\u2019uso e dell\u2019affidamento sulle informazioni nello stesso pubblicate, cos\u00ec come dei software impiegati. Il materiale e in particolare le informazioni anche tecniche del presente sito sono soggette a cambiamenti o aggiornamenti senza preavviso. Pladway S.r.l. si riserva inoltre il diritto di apportare cambiamenti e\/o miglioramenti, senza preavviso e in qualsiasi momento, ai prodotti e\/o alle caratteristiche tecniche e funzionali dei prodotti descritti e illustrati in questo sito.<\/p>\n<p class=\"p1\">Sebbene Pladway S.r.l. ritiene di procedere con la massima cura nell\u2019inserimento delle informazioni, quest\u2019ultima, comunque, non assume alcuna responsabilit\u00e0 riguardo all\u2019accuratezza delle informazioni fornite, il cui utilizzo \u00e8 a esclusivo rischio dell\u2019utente.<\/p>\n<p class=\"p1\">Mettendo a disposizione dell\u2019utente tali informazioni, inoltre, Pladway S.r.l. non concede comunque alcuna licenza su copyright, brevetti o qualsiasi altro diritto di propriet\u00e0 intellettuale e industriale.<\/p>\n<p class=\"p1\"><b>MONITORAGGIO ACCESSI &#8211; COOKIES<\/b><\/p>\n<p class=\"p1\">Pladway S.r.l. informa che raccoglie informazioni anonime dagli utenti che visitano il suo sito Web per offrire un servizio migliore e pi\u00f9 sicuro. In particolare la tecnologia utilizzata dai Web Servers di Pladway S.r.l. consente la tracciabilit\u00e0 del numero di accessi al sito Web Pladway e il numero IP\/Internet del computer dell\u2019utente, senza tuttavia rendere identificabili i dati raccolti.<\/p>\n<p class=\"p1\">L\u2019utente autorizza espressamente l\u2019utilizzo di questi dati da parte di Pladway S.r.l. e\/o di societ\u00e0 da questa incaricate per analizzare andamenti e statistiche, e ci\u00f2 al fine di fornire un servizio di qualit\u00e0 e sicurezza elevata alla generalit\u00e0 dei suoi utenti, oltre che assicurare la sicurezza interna del sistema, riconoscendo a Pladway S.r.l. la possibilit\u00e0 di inibire eventuali accessi che potrebbero causare attacchi al sistema informativo.<\/p>\n<p class=\"p1\">Pladway S.r.l. informa altres\u00ec l\u2019utente che visitando il presente sito potr\u00e0 navigare tra le pagine in forma anonima e avere accesso a informazioni significative senza rivelare la sua identit\u00e0. Al fine di migliorare l\u2019accesso al sito, Pladway S.r.l. utilizza &#8220;cookie&#8221; per conservare traccia del passaggio dell\u2019utente. Un cookie consiste in un ridotto insieme di dati trasferiti al vostro browser da un server Web e pu\u00f2 essere letto unicamente dal server che ha effettuato il trasferimento. La quasi totalit\u00e0 dei browser \u00e8 inizialmente programmata per accettare i cookie. L\u2019utente \u00e8 in grado di impostare il browser affinch\u00e9 lo avverta quando ricevete un cookie, permettendo all\u2019utente di scegliere se accettarlo o meno. Per gli accessi alle pagine web relative ai servizi riservati i cookie non sono facoltativi. Gli utenti che sceglieranno di non ricevere cookie non potranno probabilmente accedere a dette pagine.<\/p>\n<p class=\"p1\">Vuoi ricevere maggiori informazioni al riguardo? Clicca qui (<a href=\"mailto:info@pladway.com\"><span class=\"s1\">info@pladway.com<\/span><\/a>) per scrivere al web master.<\/p>\n","protected":false},"excerpt":{"rendered":"<p>Pladway S.r.l. \u2013 Via Fra\u2018 Luca Pacioli, 3 &#8211; 20144 Milano (MI), Italia Tel. + 39 02 87143201 \u2013 P.IVA e C.F. 10251710967 \u2013 PEC pladway@legalmail.it La documentazione, i testi, le immagini, i marchi e quant\u2019altro pubblicato e riprodotto su questo sito \u00e8 di propriet\u00e0 di Pladway S.r.l. e\/o \u00e8 a questa concesso in uso [&hellip;]<\/p>\n","protected":false},"author":1,"featured_media":0,"parent":0,"menu_order":0,"comment_status":"closed","ping_status":"closed","template":"page-fullwidth-nochild.php","meta":{"footnotes":""},"class_list":["post-662","page","type-page","status-publish","hentry"],"yoast_head":"<!-- This site is optimized with the Yoast SEO plugin v22.2 - https:\/\/yoast.com\/wordpress\/plugins\/seo\/ -->\n<title>Note Legali - Pladway<\/title>\n<meta name=\"robots\" content=\"index, follow, max-snippet:-1, max-image-preview:large, max-video-preview:-1\" \/>\n<link rel=\"canonical\" href=\"https:\/\/pladway.com\/it\/note-legali\/\" \/>\n<meta property=\"og:locale\" content=\"it_IT\" \/>\n<meta property=\"og:type\" content=\"article\" \/>\n<meta property=\"og:title\" content=\"Note Legali - Pladway\" \/>\n<meta property=\"og:description\" content=\"Pladway S.r.l. \u2013 Via Fra\u2018 Luca Pacioli, 3 &#8211; 20144 Milano (MI), Italia Tel. + 39 02 87143201 \u2013 P.IVA e C.F. 10251710967 \u2013 PEC pladway@legalmail.it La documentazione, i testi, le immagini, i marchi e quant\u2019altro pubblicato e riprodotto su questo sito \u00e8 di propriet\u00e0 di Pladway S.r.l. e\/o \u00e8 a questa concesso in uso [&hellip;]\" \/>\n<meta property=\"og:url\" content=\"https:\/\/pladway.com\/it\/note-legali\/\" \/>\n<meta property=\"og:site_name\" content=\"Pladway\" \/>\n<meta property=\"article:modified_time\" content=\"2021-05-19T09:33:30+00:00\" \/>\n<meta name=\"twitter:card\" content=\"summary_large_image\" \/>\n<meta name=\"twitter:site\" content=\"@pladwaysrl\" \/>\n<meta name=\"twitter:label1\" content=\"Tempo di lettura stimato\" \/>\n\t<meta name=\"twitter:data1\" content=\"3 minuti\" \/>\n<script type=\"application\/ld+json\" class=\"yoast-schema-graph\">{\"@context\":\"https:\/\/schema.org\",\"@graph\":[{\"@type\":\"WebPage\",\"@id\":\"https:\/\/pladway.com\/it\/note-legali\/\",\"url\":\"https:\/\/pladway.com\/it\/note-legali\/\",\"name\":\"Note Legali - Pladway\",\"isPartOf\":{\"@id\":\"https:\/\/pladway.com\/it\/#website\"},\"datePublished\":\"2021-05-17T16:48:46+00:00\",\"dateModified\":\"2021-05-19T09:33:30+00:00\",\"breadcrumb\":{\"@id\":\"https:\/\/pladway.com\/it\/note-legali\/#breadcrumb\"},\"inLanguage\":\"it-IT\",\"potentialAction\":[{\"@type\":\"ReadAction\",\"target\":[\"https:\/\/pladway.com\/it\/note-legali\/\"]}]},{\"@type\":\"BreadcrumbList\",\"@id\":\"https:\/\/pladway.com\/it\/note-legali\/#breadcrumb\",\"itemListElement\":[{\"@type\":\"ListItem\",\"position\":1,\"name\":\"Home\",\"item\":\"https:\/\/www.pladway.com\/it\/\"},{\"@type\":\"ListItem\",\"position\":2,\"name\":\"Note Legali\"}]},{\"@type\":\"WebSite\",\"@id\":\"https:\/\/pladway.com\/it\/#website\",\"url\":\"https:\/\/pladway.com\/it\/\",\"name\":\"Pladway\",\"description\":\"The new fullstack for DOOH\",\"publisher\":{\"@id\":\"https:\/\/pladway.com\/it\/#organization\"},\"potentialAction\":[{\"@type\":\"SearchAction\",\"target\":{\"@type\":\"EntryPoint\",\"urlTemplate\":\"https:\/\/pladway.com\/it\/?s={search_term_string}\"},\"query-input\":\"required name=search_term_string\"}],\"inLanguage\":\"it-IT\"},{\"@type\":\"Organization\",\"@id\":\"https:\/\/pladway.com\/it\/#organization\",\"name\":\"Pladway\",\"url\":\"https:\/\/pladway.com\/it\/\",\"logo\":{\"@type\":\"ImageObject\",\"inLanguage\":\"it-IT\",\"@id\":\"https:\/\/pladway.com\/it\/#\/schema\/logo\/image\/\",\"url\":\"https:\/\/www.pladway.com\/wp-content\/uploads\/2021\/04\/logoPW.png\",\"contentUrl\":\"https:\/\/www.pladway.com\/wp-content\/uploads\/2021\/04\/logoPW.png\",\"width\":800,\"height\":96,\"caption\":\"Pladway\"},\"image\":{\"@id\":\"https:\/\/pladway.com\/it\/#\/schema\/logo\/image\/\"},\"sameAs\":[\"https:\/\/twitter.com\/pladwaysrl\",\"https:\/\/www.linkedin.com\/company\/pladway\/\"]}]}<\/script>\n<!-- \/ Yoast SEO plugin. -->","yoast_head_json":{"title":"Note Legali - Pladway","robots":{"index":"index","follow":"follow","max-snippet":"max-snippet:-1","max-image-preview":"max-image-preview:large","max-video-preview":"max-video-preview:-1"},"canonical":"https:\/\/pladway.com\/it\/note-legali\/","og_locale":"it_IT","og_type":"article","og_title":"Note Legali - Pladway","og_description":"Pladway S.r.l. \u2013 Via Fra\u2018 Luca Pacioli, 3 &#8211; 20144 Milano (MI), Italia Tel. + 39 02 87143201 \u2013 P.IVA e C.F. 10251710967 \u2013 PEC pladway@legalmail.it La documentazione, i testi, le immagini, i marchi e quant\u2019altro pubblicato e riprodotto su questo sito \u00e8 di propriet\u00e0 di Pladway S.r.l. e\/o \u00e8 a questa concesso in uso [&hellip;]","og_url":"https:\/\/pladway.com\/it\/note-legali\/","og_site_name":"Pladway","article_modified_time":"2021-05-19T09:33:30+00:00","twitter_card":"summary_large_image","twitter_site":"@pladwaysrl","twitter_misc":{"Tempo di lettura stimato":"3 minuti"},"schema":{"@context":"https:\/\/schema.org","@graph":[{"@type":"WebPage","@id":"https:\/\/pladway.com\/it\/note-legali\/","url":"https:\/\/pladway.com\/it\/note-legali\/","name":"Note Legali - Pladway","isPartOf":{"@id":"https:\/\/pladway.com\/it\/#website"},"datePublished":"2021-05-17T16:48:46+00:00","dateModified":"2021-05-19T09:33:30+00:00","breadcrumb":{"@id":"https:\/\/pladway.com\/it\/note-legali\/#breadcrumb"},"inLanguage":"it-IT","potentialAction":[{"@type":"ReadAction","target":["https:\/\/pladway.com\/it\/note-legali\/"]}]},{"@type":"BreadcrumbList","@id":"https:\/\/pladway.com\/it\/note-legali\/#breadcrumb","itemListElement":[{"@type":"ListItem","position":1,"name":"Home","item":"https:\/\/www.pladway.com\/it\/"},{"@type":"ListItem","position":2,"name":"Note Legali"}]},{"@type":"WebSite","@id":"https:\/\/pladway.com\/it\/#website","url":"https:\/\/pladway.com\/it\/","name":"Pladway","description":"The new fullstack for DOOH","publisher":{"@id":"https:\/\/pladway.com\/it\/#organization"},"potentialAction":[{"@type":"SearchAction","target":{"@type":"EntryPoint","urlTemplate":"https:\/\/pladway.com\/it\/?s={search_term_string}"},"query-input":"required name=search_term_string"}],"inLanguage":"it-IT"},{"@type":"Organization","@id":"https:\/\/pladway.com\/it\/#organization","name":"Pladway","url":"https:\/\/pladway.com\/it\/","logo":{"@type":"ImageObject","inLanguage":"it-IT","@id":"https:\/\/pladway.com\/it\/#\/schema\/logo\/image\/","url":"https:\/\/www.pladway.com\/wp-content\/uploads\/2021\/04\/logoPW.png","contentUrl":"https:\/\/www.pladway.com\/wp-content\/uploads\/2021\/04\/logoPW.png","width":800,"height":96,"caption":"Pladway"},"image":{"@id":"https:\/\/pladway.com\/it\/#\/schema\/logo\/image\/"},"sameAs":["https:\/\/twitter.com\/pladwaysrl","https:\/\/www.linkedin.com\/company\/pladway\/"]}]}},"_links":{"self":[{"href":"https:\/\/pladway.com\/it\/wp-json\/wp\/v2\/pages\/662","targetHints":{"allow":["GET"]}}],"collection":[{"href":"https:\/\/pladway.com\/it\/wp-json\/wp\/v2\/pages"}],"about":[{"href":"https:\/\/pladway.com\/it\/wp-json\/wp\/v2\/types\/page"}],"author":[{"embeddable":true,"href":"https:\/\/pladway.com\/it\/wp-json\/wp\/v2\/users\/1"}],"replies":[{"embeddable":true,"href":"https:\/\/pladway.com\/it\/wp-json\/wp\/v2\/comments?post=662"}],"version-history":[{"count":3,"href":"https:\/\/pladway.com\/it\/wp-json\/wp\/v2\/pages\/662\/revisions"}],"predecessor-version":[{"id":736,"href":"https:\/\/pladway.com\/it\/wp-json\/wp\/v2\/pages\/662\/revisions\/736"}],"wp:attachment":[{"href":"https:\/\/pladway.com\/it\/wp-json\/wp\/v2\/media?parent=662"}],"curies":[{"name":"wp","href":"https:\/\/api.w.org\/{rel}","templated":true}]}}